{"id":4156,"date":"2025-09-15T01:30:57","date_gmt":"2025-09-15T01:30:57","guid":{"rendered":"https:\/\/maxcare.casethemes.net\/?page_id=4156"},"modified":"2026-01-29T13:11:29","modified_gmt":"2026-01-29T12:11:29","slug":"nos-services","status":"publish","type":"page","link":"https:\/\/keena-lifesciences.com\/en\/nos-services\/","title":{"rendered":"Nos services"},"content":{"rendered":"<div data-elementor-type=\"wp-page\" data-elementor-id=\"4156\" class=\"elementor elementor-4156\">\n\t\t\t\t<div class=\"elementor-element elementor-element-ee83162 e-flex e-con-boxed pxl-column-none pxl-row-scroll-none pxl-zoom-point-false pxl-section-overflow-visible pxl-section-fix-none pxl-full-content-with-space-none pxl-bg-color-none pxl-section-overlay-none e-con e-parent\" data-id=\"ee83162\" data-element_type=\"container\" data-e-type=\"container\">\t\t\t<div class=\"e-con-inner\">\r\n\t\t<div class=\"elementor-element elementor-element-71d5469 e-con-full e-flex pxl-column-none pxl-row-scroll-none pxl-zoom-point-false pxl-section-overflow-visible pxl-section-fix-none pxl-full-content-with-space-none pxl-bg-color-none pxl-section-overlay-none e-con e-child\" data-id=\"71d5469\" data-element_type=\"container\" data-e-type=\"container\">\t\t<div class=\"elementor-element elementor-element-d893b12 pxl-post-layout-portfolio-1 elementor-widget elementor-widget-pxl_post_grid\" data-id=\"d893b12\" data-element_type=\"widget\" data-e-type=\"widget\" data-widget_type=\"pxl_post_grid.default\">\n\t\t\t\t<div class=\"elementor-widget-container\">\n\t\t\t\t\t\n<div id=\"pxl_post_grid-d893b12-1058\" class=\"pxl-grid pxl-portfolio-grid pxl-portfolio-grid-layout1\" data-start-page=\"1\" data-max-pages=\"1\" data-total=\"4\" data-perpage=\"4\" data-next-link=\"\" data-loadmore=\"{&quot;tax&quot;:[&quot;portfolio-category&quot;],&quot;post_type&quot;:&quot;portfolio&quot;,&quot;layout&quot;:&quot;portfolio-1&quot;,&quot;startPage&quot;:1,&quot;maxPages&quot;:1,&quot;total&quot;:4,&quot;filter&quot;:&quot;true&quot;,&quot;filter_type&quot;:&quot;normal&quot;,&quot;perpage&quot;:4,&quot;nextLink&quot;:&quot;&quot;,&quot;source&quot;:&quot;&quot;,&quot;orderby&quot;:&quot;date&quot;,&quot;order&quot;:&quot;desc&quot;,&quot;limit&quot;:4,&quot;post_ids&quot;:[],&quot;col_xl&quot;:6,&quot;col_lg&quot;:6,&quot;col_md&quot;:6,&quot;col_sm&quot;:6,&quot;col_xs&quot;:12,&quot;pagination_type&quot;:&quot;loadmore&quot;,&quot;show_category&quot;:&quot;true&quot;,&quot;show_excerpt&quot;:&quot;&quot;,&quot;num_words&quot;:25,&quot;img_size&quot;:&quot;&quot;,&quot;grid_masonry&quot;:&quot;&quot;,&quot;pxl_animate&quot;:&quot;&quot;}\" data-layout=\"fitRows\">\n            <div class=\"pxl-grid-filter normal pxl-grid-filter2\">\n            <div class=\"pxl--filter-inner\">\n                <span class=\"filter-item active\" data-filter=\"*\">\n                    <span class=\"cat-name\">\n                    All                    <\/span>\n                <\/span>\n                                                                            <span class=\"filter-item\" data-filter=\".accompagnement\">\n                        <span class=\"cat-name\">\n                             Accompagnement                        <\/span>\n                    <\/span>\n                                                                            <span class=\"filter-item\" data-filter=\".etude\">\n                        <span class=\"cat-name\">\n                             \u00c9tude                        <\/span>\n                    <\/span>\n                                                                            <span class=\"filter-item\" data-filter=\".monitoring\">\n                        <span class=\"cat-name\">\n                             Monitoring                        <\/span>\n                    <\/span>\n                                                                            <span class=\"filter-item\" data-filter=\".reglements\">\n                        <span class=\"cat-name\">\n                             R\u00e8glements                        <\/span>\n                    <\/span>\n                            <\/div>\n        <\/div>\n    \n    <div class=\"pxl-grid-inner pxl-grid-masonry row\" data-gutter=\"15\">\n        <div class=\"grid-sizer col-xl-6 col-lg-6 col-md-6 col-sm-6 col-12\"><\/div>\n                        <div class=\"pxl-grid-item col-xl-6 col-lg-6 col-md-6 col-sm-6 col-12 monitoring\">\n                    <div class=\"pxl-post--inner\" data-wow-duration=\"1.2s\">\n                        <div class=\"pxl-post--featured hover-imge-effect3\">\n                            <div class=\"pxl-featured-img\">\n                                <img fetchpriority=\"high\" class=\"no-lazyload  lws-optimize-lazyload\"  width=\"767\" height=\"928\" alt=\"Challenges-of-home-visits-during-clinical-trials\" title=\"Challenges-of-home-visits-during-clinical-trials\" >                            <\/div>\n                        <\/div>\n                        <div class=\"pxl-post--holder pxl-hover-bg-boxes\">\n                            <a class=\"pxl-hover-bg-link\" href=\"https:\/\/keena-lifesciences.com\/en\/portfolio\/services-attaches-de-recherche-clinique-experimentes\/\"><\/a>\n                                                            <div class=\"pxl-category\">\n                                    <div class=\"pxl-post--category\">\n                                        <a href=\"https:\/\/keena-lifesciences.com\/en\/portfolio-category\/monitoring\/\" rel=\"tag\">Monitoring<\/a>                                    <\/div>\n                                <\/div>\n                                                        <h6 class=\"pxl-post--title\">\n                                <a class=\"pxl-holder-link\" href=\"https:\/\/keena-lifesciences.com\/en\/portfolio\/services-attaches-de-recherche-clinique-experimentes\/\">\n                                    Attach\u00e9s de Recherche Clinique Exp\u00e9riment\u00e9s (Provision of Experienced CRAs)                                <\/a>\n                            <\/h6>\n                                                    <\/div>\n                    <\/div>\n                <\/div>\n                                    <div class=\"pxl-grid-item col-xl-6 col-lg-6 col-md-6 col-sm-6 col-12 etude\">\n                    <div class=\"pxl-post--inner\" data-wow-duration=\"1.2s\">\n                        <div class=\"pxl-post--featured hover-imge-effect3\">\n                            <div class=\"pxl-featured-img\">\n                                <img class=\"no-lazyload  lws-optimize-lazyload\"  width=\"767\" height=\"928\" alt=\"recherche-clinique-ilv-paris-la-defense\" title=\"recherche-clinique-ilv-paris-la-defense\" >                            <\/div>\n                        <\/div>\n                        <div class=\"pxl-post--holder pxl-hover-bg-boxes\">\n                            <a class=\"pxl-hover-bg-link\" href=\"https:\/\/keena-lifesciences.com\/en\/portfolio\/cabinet-gestion-de-projet-clinique\/\"><\/a>\n                                                            <div class=\"pxl-category\">\n                                    <div class=\"pxl-post--category\">\n                                        <a href=\"https:\/\/keena-lifesciences.com\/en\/portfolio-category\/etude\/\" rel=\"tag\">\u00c9tude<\/a>                                    <\/div>\n                                <\/div>\n                                                        <h6 class=\"pxl-post--title\">\n                                <a class=\"pxl-holder-link\" href=\"https:\/\/keena-lifesciences.com\/en\/portfolio\/cabinet-gestion-de-projet-clinique\/\">\n                                    Gestion de Projet Clinique  (Clinical Project Management)                                <\/a>\n                            <\/h6>\n                                                    <\/div>\n                    <\/div>\n                <\/div>\n                                    <div class=\"pxl-grid-item col-xl-6 col-lg-6 col-md-6 col-sm-6 col-12 reglements\">\n                    <div class=\"pxl-post--inner\" data-wow-duration=\"1.2s\">\n                        <div class=\"pxl-post--featured hover-imge-effect3\">\n                            <div class=\"pxl-featured-img\">\n                                <img class=\"no-lazyload  lws-optimize-lazyload\"  width=\"767\" height=\"928\" alt=\"Regulatory-Compliance-Image\" title=\"Regulatory-Compliance-Image\" >                            <\/div>\n                        <\/div>\n                        <div class=\"pxl-post--holder pxl-hover-bg-boxes\">\n                            <a class=\"pxl-hover-bg-link\" href=\"https:\/\/keena-lifesciences.com\/en\/portfolio\/conseil-en-strategie-clinique-et-reglementaire\/\"><\/a>\n                                                            <div class=\"pxl-category\">\n                                    <div class=\"pxl-post--category\">\n                                        <a href=\"https:\/\/keena-lifesciences.com\/en\/portfolio-category\/reglements\/\" rel=\"tag\">R\u00e8glements<\/a>                                    <\/div>\n                                <\/div>\n                                                        <h6 class=\"pxl-post--title\">\n                                <a class=\"pxl-holder-link\" href=\"https:\/\/keena-lifesciences.com\/en\/portfolio\/conseil-en-strategie-clinique-et-reglementaire\/\">\n                                    Soumission R\u00e9glementaire  (Regulatory Submission)                                <\/a>\n                            <\/h6>\n                                                    <\/div>\n                    <\/div>\n                <\/div>\n                                    <div class=\"pxl-grid-item col-xl-6 col-lg-6 col-md-6 col-sm-6 col-12 accompagnement\">\n                    <div class=\"pxl-post--inner\" data-wow-duration=\"1.2s\">\n                        <div class=\"pxl-post--featured hover-imge-effect3\">\n                            <div class=\"pxl-featured-img\">\n                                <img loading=\"lazy\" class=\"no-lazyload  lws-optimize-lazyload\"  width=\"767\" height=\"928\" alt=\"insta-img1\" title=\"insta-img1\" >                            <\/div>\n                        <\/div>\n                        <div class=\"pxl-post--holder pxl-hover-bg-boxes\">\n                            <a class=\"pxl-hover-bg-link\" href=\"https:\/\/keena-lifesciences.com\/en\/portfolio\/accompagnement-au-developpement-clinique\/\"><\/a>\n                                                            <div class=\"pxl-category\">\n                                    <div class=\"pxl-post--category\">\n                                        <a href=\"https:\/\/keena-lifesciences.com\/en\/portfolio-category\/accompagnement\/\" rel=\"tag\">Accompagnement<\/a>                                    <\/div>\n                                <\/div>\n                                                        <h6 class=\"pxl-post--title\">\n                                <a class=\"pxl-holder-link\" href=\"https:\/\/keena-lifesciences.com\/en\/portfolio\/accompagnement-au-developpement-clinique\/\">\n                                    Support Personnalis\u00e9  (Individual monitoring)                                <\/a>\n                            <\/h6>\n                                                    <\/div>\n                    <\/div>\n                <\/div>\n                        <\/div>\n        <\/div>\t\t\t\t<\/div>\n\t\t\t\t<\/div>\n\t\t\t\t<\/div>\r\n\t\t\t\t\t<\/div>\r\n\t\t\t\t<\/div>\r\n\t\t\t\t<\/div>","protected":false},"excerpt":{"rendered":"<p>All Accompagnement \u00c9tude Monitoring R\u00e8glements Monitoring Attach\u00e9s de Recherche Clinique Exp\u00e9riment\u00e9s (Provision of Experienced CRAs) \u00c9tude Gestion de Projet Clinique (Clinical Project Management) R\u00e8glements Soumission R\u00e9glementaire (Regulatory Submission) Accompagnement Support Personnalis\u00e9 (Individual monitoring)<\/p>","protected":false},"author":1,"featured_media":0,"parent":0,"menu_order":0,"comment_status":"closed","ping_status":"closed","template":"","meta":{"footnotes":""},"class_list":["post-4156","page","type-page","status-publish","hentry"],"yoast_head":"<!-- This site is optimized with the Yoast SEO plugin v26.9 - https:\/\/yoast.com\/product\/yoast-seo-wordpress\/ -->\n<title>Nos services - KEENA LIFESCIENCES<\/title>\n<meta name=\"robots\" content=\"index, follow, max-snippet:-1, max-image-preview:large, max-video-preview:-1\" \/>\n<link rel=\"canonical\" href=\"https:\/\/keena-lifesciences.com\/en\/nos-services\/\" \/>\n<meta property=\"og:locale\" content=\"en_US\" \/>\n<meta property=\"og:type\" content=\"article\" \/>\n<meta property=\"og:title\" content=\"Nos services - KEENA LIFESCIENCES\" \/>\n<meta property=\"og:description\" content=\"All Accompagnement \u00c9tude Monitoring R\u00e8glements Monitoring Attach\u00e9s de Recherche Clinique Exp\u00e9riment\u00e9s (Provision of Experienced CRAs) \u00c9tude Gestion de Projet Clinique (Clinical Project Management) R\u00e8glements Soumission R\u00e9glementaire (Regulatory Submission) Accompagnement Support Personnalis\u00e9 (Individual monitoring)\" \/>\n<meta property=\"og:url\" content=\"https:\/\/keena-lifesciences.com\/en\/nos-services\/\" \/>\n<meta property=\"og:site_name\" content=\"KEENA LIFESCIENCES\" \/>\n<meta property=\"article:modified_time\" content=\"2026-01-29T12:11:29+00:00\" \/>\n<meta property=\"og:image\" content=\"https:\/\/keena-lifesciences.com\/wp-content\/uploads\/2025\/09\/Challenges-of-home-visits-during-clinical-trials-767x928.jpg\" \/>\n<meta name=\"twitter:card\" content=\"summary_large_image\" \/>\n<meta name=\"twitter:label1\" content=\"Est. reading time\" \/>\n\t<meta name=\"twitter:data1\" content=\"2 minutes\" \/>\n<script type=\"application\/ld+json\" class=\"yoast-schema-graph\">{\"@context\":\"https:\/\/schema.org\",\"@graph\":[{\"@type\":\"WebPage\",\"@id\":\"https:\/\/keena-lifesciences.com\/nos-services\/\",\"url\":\"https:\/\/keena-lifesciences.com\/nos-services\/\",\"name\":\"Nos services - KEENA LIFESCIENCES\",\"isPartOf\":{\"@id\":\"https:\/\/keena-lifesciences.com\/#website\"},\"primaryImageOfPage\":{\"@id\":\"https:\/\/keena-lifesciences.com\/nos-services\/#primaryimage\"},\"image\":{\"@id\":\"https:\/\/keena-lifesciences.com\/nos-services\/#primaryimage\"},\"thumbnailUrl\":\"https:\/\/keena-lifesciences.com\/wp-content\/uploads\/2025\/09\/Challenges-of-home-visits-during-clinical-trials-767x928.jpg\",\"datePublished\":\"2025-09-15T01:30:57+00:00\",\"dateModified\":\"2026-01-29T12:11:29+00:00\",\"breadcrumb\":{\"@id\":\"https:\/\/keena-lifesciences.com\/nos-services\/#breadcrumb\"},\"inLanguage\":\"en-US\",\"potentialAction\":[{\"@type\":\"ReadAction\",\"target\":[\"https:\/\/keena-lifesciences.com\/nos-services\/\"]}]},{\"@type\":\"ImageObject\",\"inLanguage\":\"en-US\",\"@id\":\"https:\/\/keena-lifesciences.com\/nos-services\/#primaryimage\",\"url\":\"https:\/\/keena-lifesciences.com\/wp-content\/uploads\/2025\/09\/Challenges-of-home-visits-during-clinical-trials-767x928.jpg\",\"contentUrl\":\"https:\/\/keena-lifesciences.com\/wp-content\/uploads\/2025\/09\/Challenges-of-home-visits-during-clinical-trials-767x928.jpg\"},{\"@type\":\"BreadcrumbList\",\"@id\":\"https:\/\/keena-lifesciences.com\/nos-services\/#breadcrumb\",\"itemListElement\":[{\"@type\":\"ListItem\",\"position\":1,\"name\":\"Home\",\"item\":\"https:\/\/keena-lifesciences.com\/\"},{\"@type\":\"ListItem\",\"position\":2,\"name\":\"Nos services\"}]},{\"@type\":\"WebSite\",\"@id\":\"https:\/\/keena-lifesciences.com\/#website\",\"url\":\"https:\/\/keena-lifesciences.com\/\",\"name\":\"KEENA LIFESCIENCES\",\"description\":\"KEENA LIFESCIENCES\",\"potentialAction\":[{\"@type\":\"SearchAction\",\"target\":{\"@type\":\"EntryPoint\",\"urlTemplate\":\"https:\/\/keena-lifesciences.com\/?s={search_term_string}\"},\"query-input\":{\"@type\":\"PropertyValueSpecification\",\"valueRequired\":true,\"valueName\":\"search_term_string\"}}],\"inLanguage\":\"en-US\"}]}<\/script>\n<!-- \/ Yoast SEO plugin. -->","yoast_head_json":{"title":"Nos services - KEENA LIFESCIENCES","robots":{"index":"index","follow":"follow","max-snippet":"max-snippet:-1","max-image-preview":"max-image-preview:large","max-video-preview":"max-video-preview:-1"},"canonical":"https:\/\/keena-lifesciences.com\/en\/nos-services\/","og_locale":"en_US","og_type":"article","og_title":"Nos services - KEENA LIFESCIENCES","og_description":"All Accompagnement \u00c9tude Monitoring R\u00e8glements Monitoring Attach\u00e9s de Recherche Clinique Exp\u00e9riment\u00e9s (Provision of Experienced CRAs) \u00c9tude Gestion de Projet Clinique (Clinical Project Management) R\u00e8glements Soumission R\u00e9glementaire (Regulatory Submission) Accompagnement Support Personnalis\u00e9 (Individual monitoring)","og_url":"https:\/\/keena-lifesciences.com\/en\/nos-services\/","og_site_name":"KEENA LIFESCIENCES","article_modified_time":"2026-01-29T12:11:29+00:00","og_image":[{"url":"https:\/\/keena-lifesciences.com\/wp-content\/uploads\/2025\/09\/Challenges-of-home-visits-during-clinical-trials-767x928.jpg","type":"","width":"","height":""}],"twitter_card":"summary_large_image","twitter_misc":{"Est. reading time":"2 minutes"},"schema":{"@context":"https:\/\/schema.org","@graph":[{"@type":"WebPage","@id":"https:\/\/keena-lifesciences.com\/nos-services\/","url":"https:\/\/keena-lifesciences.com\/nos-services\/","name":"Nos services - KEENA LIFESCIENCES","isPartOf":{"@id":"https:\/\/keena-lifesciences.com\/#website"},"primaryImageOfPage":{"@id":"https:\/\/keena-lifesciences.com\/nos-services\/#primaryimage"},"image":{"@id":"https:\/\/keena-lifesciences.com\/nos-services\/#primaryimage"},"thumbnailUrl":"https:\/\/keena-lifesciences.com\/wp-content\/uploads\/2025\/09\/Challenges-of-home-visits-during-clinical-trials-767x928.jpg","datePublished":"2025-09-15T01:30:57+00:00","dateModified":"2026-01-29T12:11:29+00:00","breadcrumb":{"@id":"https:\/\/keena-lifesciences.com\/nos-services\/#breadcrumb"},"inLanguage":"en-US","potentialAction":[{"@type":"ReadAction","target":["https:\/\/keena-lifesciences.com\/nos-services\/"]}]},{"@type":"ImageObject","inLanguage":"en-US","@id":"https:\/\/keena-lifesciences.com\/nos-services\/#primaryimage","url":"https:\/\/keena-lifesciences.com\/wp-content\/uploads\/2025\/09\/Challenges-of-home-visits-during-clinical-trials-767x928.jpg","contentUrl":"https:\/\/keena-lifesciences.com\/wp-content\/uploads\/2025\/09\/Challenges-of-home-visits-during-clinical-trials-767x928.jpg"},{"@type":"BreadcrumbList","@id":"https:\/\/keena-lifesciences.com\/nos-services\/#breadcrumb","itemListElement":[{"@type":"ListItem","position":1,"name":"Home","item":"https:\/\/keena-lifesciences.com\/"},{"@type":"ListItem","position":2,"name":"Nos services"}]},{"@type":"WebSite","@id":"https:\/\/keena-lifesciences.com\/#website","url":"https:\/\/keena-lifesciences.com\/","name":"KEENA LIFESCIENCES","description":"KEENA LIFESCIENCES","potentialAction":[{"@type":"SearchAction","target":{"@type":"EntryPoint","urlTemplate":"https:\/\/keena-lifesciences.com\/?s={search_term_string}"},"query-input":{"@type":"PropertyValueSpecification","valueRequired":true,"valueName":"search_term_string"}}],"inLanguage":"en-US"}]}},"_links":{"self":[{"href":"https:\/\/keena-lifesciences.com\/en\/wp-json\/wp\/v2\/pages\/4156","targetHints":{"allow":["GET"]}}],"collection":[{"href":"https:\/\/keena-lifesciences.com\/en\/wp-json\/wp\/v2\/pages"}],"about":[{"href":"https:\/\/keena-lifesciences.com\/en\/wp-json\/wp\/v2\/types\/page"}],"author":[{"embeddable":true,"href":"https:\/\/keena-lifesciences.com\/en\/wp-json\/wp\/v2\/users\/1"}],"replies":[{"embeddable":true,"href":"https:\/\/keena-lifesciences.com\/en\/wp-json\/wp\/v2\/comments?post=4156"}],"version-history":[{"count":13,"href":"https:\/\/keena-lifesciences.com\/en\/wp-json\/wp\/v2\/pages\/4156\/revisions"}],"predecessor-version":[{"id":6721,"href":"https:\/\/keena-lifesciences.com\/en\/wp-json\/wp\/v2\/pages\/4156\/revisions\/6721"}],"wp:attachment":[{"href":"https:\/\/keena-lifesciences.com\/en\/wp-json\/wp\/v2\/media?parent=4156"}],"curies":[{"name":"wp","href":"https:\/\/api.w.org\/{rel}","templated":true}]}}